{"id":5,"date":"2021-04-12T19:33:27","date_gmt":"2021-04-12T19:33:27","guid":{"rendered":"https:\/\/coupdemain06.fr\/?page_id=5"},"modified":"2021-04-27T09:09:06","modified_gmt":"2021-04-27T09:09:06","slug":"create-your-website-with-blocks","status":"publish","type":"page","link":"https:\/\/coupdemain06.fr\/","title":{"rendered":"Vous avez besoin d&#8217;aide ? Ne cherchez pas plus loin !"},"content":{"rendered":"\n<div class=\"wp-block-columns is-layout-flex wp-container-core-columns-is-layout-9d6595d7 wp-block-columns-is-layout-flex\">\n<div class=\"wp-block-column is-layout-flow wp-block-column-is-layout-flow\" style=\"flex-basis:66.66%\">\n<p class=\"has-luminous-vivid-amber-color has-black-background-color has-text-color has-background has-medium-font-size\">Montage de meuble<\/p>\n\n\n\n<p>Vous avez fait des folies chez IKEA et vous avez besoin d&#8217;aide pour faire le tri dans toutes les vis ? Et \u00e9ventuellement, d&#8217;avoir un r\u00e9sultat qui ressemble \u00e0 celui du catalogue ? N&#8217;h\u00e9sitez plus, appelez-nous !!<\/p>\n<\/div>\n\n\n\n<div class=\"wp-block-column is-layout-flow wp-block-column-is-layout-flow\" style=\"flex-basis:33.33%\">\n<figure class=\"wp-block-image size-large\"><img loading=\"lazy\" decoding=\"async\" width=\"282\" height=\"282\" src=\"http:\/\/coupdemain06.fr\/wp-content\/uploads\/2021\/04\/1609.i203.019.S.m004.c10.woodworking_people_flat_compositions.jpg\" alt=\"\" class=\"wp-image-40\" srcset=\"https:\/\/coupdemain06.fr\/wp-content\/uploads\/2021\/04\/1609.i203.019.S.m004.c10.woodworking_people_flat_compositions.jpg 282w, https:\/\/coupdemain06.fr\/wp-content\/uploads\/2021\/04\/1609.i203.019.S.m004.c10.woodworking_people_flat_compositions-150x150.jpg 150w, https:\/\/coupdemain06.fr\/wp-content\/uploads\/2021\/04\/1609.i203.019.S.m004.c10.woodworking_people_flat_compositions-1x1.jpg 1w\" sizes=\"auto, (max-width: 282px) 100vw, 282px\" \/><\/figure>\n<\/div>\n<\/div>\n\n\n\n<div class=\"wp-block-columns is-layout-flex wp-container-core-columns-is-layout-9d6595d7 wp-block-columns-is-layout-flex\">\n<div class=\"wp-block-column is-layout-flow wp-block-column-is-layout-flow\" style=\"flex-basis:66.66%\">\n<p class=\"has-luminous-vivid-amber-color has-black-background-color has-text-color has-background has-medium-font-size\">Petits travaux de plomberie<\/p>\n\n\n\n<p>Vous voulez remplacer votre robinet de cuisine qui arrose le plafond, enlever le seau qui r\u00e9cup\u00e8re l&#8217;eau de la fuite de l&#8217;\u00e9vier, ou tout autre petit travail de plomberie ? On est l\u00e0 pour vous. Et on passera m\u00eame un coup de serpill\u00e8re une fois que les bottes ne seront plus n\u00e9cessaire !<\/p>\n<\/div>\n\n\n\n<div class=\"wp-block-column is-layout-flow wp-block-column-is-layout-flow\" style=\"flex-basis:33.33%\">\n<figure class=\"wp-block-image size-large\"><img loading=\"lazy\" decoding=\"async\" width=\"282\" height=\"282\" src=\"http:\/\/coupdemain06.fr\/wp-content\/uploads\/2021\/04\/1702.i302.001.P.m004.c15.Plumber_icons_set-2.jpg\" alt=\"\" class=\"wp-image-42\" srcset=\"https:\/\/coupdemain06.fr\/wp-content\/uploads\/2021\/04\/1702.i302.001.P.m004.c15.Plumber_icons_set-2.jpg 282w, https:\/\/coupdemain06.fr\/wp-content\/uploads\/2021\/04\/1702.i302.001.P.m004.c15.Plumber_icons_set-2-150x150.jpg 150w, https:\/\/coupdemain06.fr\/wp-content\/uploads\/2021\/04\/1702.i302.001.P.m004.c15.Plumber_icons_set-2-1x1.jpg 1w\" sizes=\"auto, (max-width: 282px) 100vw, 282px\" \/><\/figure>\n<\/div>\n<\/div>\n\n\n\n<div class=\"wp-block-columns is-layout-flex wp-container-core-columns-is-layout-9d6595d7 wp-block-columns-is-layout-flex\">\n<div class=\"wp-block-column is-layout-flow wp-block-column-is-layout-flow\" style=\"flex-basis:66.66%\">\n<p class=\"has-luminous-vivid-amber-color has-black-background-color has-text-color has-background has-medium-font-size\">Petits travaux d&#8217;\u00e9lectricit\u00e9<\/p>\n\n\n\n<p>Vous en avez marre de votre interrupteur qui se prend pour une guirlande de No\u00ebl ? Et de devoir vous promener avec une lampe de poche parce que vos luminaires ne fonctionnent plus ? Encore une fois, parce que No\u00ebl, ce n&#8217;est qu&#8217;une fois par an, nous pouvons vous aider !<\/p>\n<\/div>\n\n\n\n<div class=\"wp-block-column is-layout-flow wp-block-column-is-layout-flow\" style=\"flex-basis:33.33%\">\n<figure class=\"wp-block-image size-large\"><img loading=\"lazy\" decoding=\"async\" width=\"282\" height=\"282\" src=\"http:\/\/coupdemain06.fr\/wp-content\/uploads\/2021\/04\/1602.i047.017.P.m004.c26.electician_icons_flat.jpg\" alt=\"\" class=\"wp-image-44\" srcset=\"https:\/\/coupdemain06.fr\/wp-content\/uploads\/2021\/04\/1602.i047.017.P.m004.c26.electician_icons_flat.jpg 282w, https:\/\/coupdemain06.fr\/wp-content\/uploads\/2021\/04\/1602.i047.017.P.m004.c26.electician_icons_flat-150x150.jpg 150w, https:\/\/coupdemain06.fr\/wp-content\/uploads\/2021\/04\/1602.i047.017.P.m004.c26.electician_icons_flat-1x1.jpg 1w\" sizes=\"auto, (max-width: 282px) 100vw, 282px\" \/><\/figure>\n<\/div>\n<\/div>\n\n\n\n<div class=\"wp-block-columns is-layout-flex wp-container-core-columns-is-layout-9d6595d7 wp-block-columns-is-layout-flex\">\n<div class=\"wp-block-column is-layout-flow wp-block-column-is-layout-flow\" style=\"flex-basis:66.66%\">\n<p class=\"has-luminous-vivid-amber-color has-black-background-color has-text-color has-background has-medium-font-size\">Nettoyage de terrasse et balcon<\/p>\n\n\n\n<p>Pour profiter de votre balcon, vous devez mettre des bottes et enjamber les fientes de pigeons ou de mouettes ? Vous \u00eates terrifi\u00e9s depuis le film &#8220;Les oiseaux&#8221; de Hitchcock ? Appelez nous, on chassera tous ces ind\u00e9sirables et on rendra votre espace accueillant.<\/p>\n<\/div>\n\n\n\n<div class=\"wp-block-column is-layout-flow wp-block-column-is-layout-flow\" style=\"flex-basis:33.33%\">\n<figure class=\"wp-block-image size-large\"><img loading=\"lazy\" decoding=\"async\" width=\"448\" height=\"314\" src=\"http:\/\/coupdemain06.fr\/wp-content\/uploads\/2021\/04\/house-balcony.jpg\" alt=\"\" class=\"wp-image-43\" srcset=\"https:\/\/coupdemain06.fr\/wp-content\/uploads\/2021\/04\/house-balcony.jpg 448w, https:\/\/coupdemain06.fr\/wp-content\/uploads\/2021\/04\/house-balcony-300x210.jpg 300w, https:\/\/coupdemain06.fr\/wp-content\/uploads\/2021\/04\/house-balcony-1x1.jpg 1w\" sizes=\"auto, (max-width: 448px) 100vw, 448px\" \/><\/figure>\n<\/div>\n<\/div>\n\n\n\n<p class=\"has-medium-font-size\">Et pour tout le reste, tout ce qu&#8217;on n&#8217;a pas imagin\u00e9 mais pour lequel vous avez besoin d&#8217;aide, appelez-nous. Si nous pouvons le faire et le faire bien, nous viendrons. Notre devise : vite fait, bien fait, prix mod\u00e9r\u00e9 !<\/p>\n\n\n\n<div class=\"wp-block-columns alignwide are-vertically-aligned-top is-layout-flex wp-container-core-columns-is-layout-9d6595d7 wp-block-columns-is-layout-flex\">\n<div class=\"wp-block-column is-vertically-aligned-top is-layout-flow wp-block-column-is-layout-flow\"><\/div>\n<\/div>\n\n\n\n<p><\/p>\n","protected":false},"excerpt":{"rendered":"<p>Montage de meuble Vous avez fait des folies chez IKEA et vous avez besoin d&#8217;aide pour faire le tri dans toutes les vis ? Et \u00e9ventuellement, d&#8217;avoir un r\u00e9sultat qui ressemble \u00e0 celui du catalogue ? N&#8217;h\u00e9sitez plus, appelez-nous !! Petits travaux de plomberie Vous voulez remplacer votre robinet de cuisine qui arrose le plafond, [&hellip;]<\/p>\n","protected":false},"author":1,"featured_media":41,"parent":0,"menu_order":0,"comment_status":"closed","ping_status":"closed","template":"","meta":{"_monsterinsights_skip_tracking":false,"_monsterinsights_sitenote_active":false,"_monsterinsights_sitenote_note":"","_monsterinsights_sitenote_category":0,"footnotes":""},"class_list":["post-5","page","type-page","status-publish","has-post-thumbnail","hentry"],"aioseo_notices":[],"_links":{"self":[{"href":"https:\/\/coupdemain06.fr\/index.php\/wp-json\/wp\/v2\/pages\/5","targetHints":{"allow":["GET"]}}],"collection":[{"href":"https:\/\/coupdemain06.fr\/index.php\/wp-json\/wp\/v2\/pages"}],"about":[{"href":"https:\/\/coupdemain06.fr\/index.php\/wp-json\/wp\/v2\/types\/page"}],"author":[{"embeddable":true,"href":"https:\/\/coupdemain06.fr\/index.php\/wp-json\/wp\/v2\/users\/1"}],"replies":[{"embeddable":true,"href":"https:\/\/coupdemain06.fr\/index.php\/wp-json\/wp\/v2\/comments?post=5"}],"version-history":[{"count":19,"href":"https:\/\/coupdemain06.fr\/index.php\/wp-json\/wp\/v2\/pages\/5\/revisions"}],"predecessor-version":[{"id":78,"href":"https:\/\/coupdemain06.fr\/index.php\/wp-json\/wp\/v2\/pages\/5\/revisions\/78"}],"wp:featuredmedia":[{"embeddable":true,"href":"https:\/\/coupdemain06.fr\/index.php\/wp-json\/wp\/v2\/media\/41"}],"wp:attachment":[{"href":"https:\/\/coupdemain06.fr\/index.php\/wp-json\/wp\/v2\/media?parent=5"}],"curies":[{"name":"wp","href":"https:\/\/api.w.org\/{rel}","templated":true}]}}