{"id":7,"date":"2021-04-12T19:33:27","date_gmt":"2021-04-12T19:33:27","guid":{"rendered":"https:\/\/coupdemain06.fr\/?page_id=7"},"modified":"2021-04-15T18:44:28","modified_gmt":"2021-04-15T18:44:28","slug":"contact","status":"publish","type":"page","link":"https:\/\/coupdemain06.fr\/index.php\/contact\/","title":{"rendered":"Contact"},"content":{"rendered":"\n<p class=\"has-luminous-vivid-amber-color has-black-background-color has-text-color has-background has-medium-font-size\">Notre zone d&#8217;intervention<\/p>\n\n\n\n<div class=\"wp-block-columns is-layout-flex wp-container-core-columns-is-layout-9d6595d7 wp-block-columns-is-layout-flex\">\n<div class=\"wp-block-column is-layout-flow wp-block-column-is-layout-flow\">\n<p><\/p>\n\n\n\n<p>Nous intervenons sur le bassin de Grasse \/ Cannes :<\/p>\n\n\n\n<p>Grasse, Mouans-Sartoux, Mougins, Le Cannet, Cannes, Cannes la Bocca, Mandelieu.<\/p>\n<\/div>\n\n\n\n<div class=\"wp-block-column is-layout-flow wp-block-column-is-layout-flow\">\n<figure class=\"wp-block-image size-large is-resized is-style-rounded\"><img loading=\"lazy\" decoding=\"async\" src=\"https:\/\/coupdemain06.fr\/wp-content\/uploads\/2021\/04\/CarteCannes.png\" alt=\"\" class=\"wp-image-87\" width=\"458\" height=\"326\" srcset=\"https:\/\/coupdemain06.fr\/wp-content\/uploads\/2021\/04\/CarteCannes.png 915w, https:\/\/coupdemain06.fr\/wp-content\/uploads\/2021\/04\/CarteCannes-300x214.png 300w, https:\/\/coupdemain06.fr\/wp-content\/uploads\/2021\/04\/CarteCannes-768x547.png 768w, https:\/\/coupdemain06.fr\/wp-content\/uploads\/2021\/04\/CarteCannes-1x1.png 1w\" sizes=\"auto, (max-width: 458px) 100vw, 458px\" \/><\/figure>\n<\/div>\n<\/div>\n\n\n\n<p><\/p>\n\n\n\n<p class=\"has-luminous-vivid-amber-color has-black-background-color has-text-color has-background has-medium-font-size\">Pour nous joindre<\/p>\n\n\n\n<p>Vous pouvez nous contacter par :<\/p>\n\n\n\n<ul class=\"wp-block-list\"><li>mail : <a href=\"mailto:contact@coupdemain06.fr\">contact@coupdemain06.fr<\/a><\/li><li>t\u00e9l\u00e9phone : 06 24 26 87 71<\/li><li>minitel : 3617 code AuSecours<\/li><\/ul>\n\n\n\n<p class=\"has-white-color has-text-color\">Ecrivez nous<\/p>\n\n\n\n<p class=\"has-luminous-vivid-amber-color has-black-background-color has-text-color has-background has-medium-font-size\">Nos tarifs<\/p>\n\n\n\n<p>Nos tarifs d&#8217;intervention sont forfaitaires en fonction des travaux \u00e0 r\u00e9aliser. Vous nous appelez, vous nous expliquez votre probl\u00e8me et on vous propose un prix en fonction de la dur\u00e9e et de la complexit\u00e9 d&#8217;intervention estim\u00e9e.<\/p>\n\n\n\n<p>Ce tarif sera adapt\u00e9 \u00e0 votre situation et nous vous garantissons qu&#8217;il sera raisonnable.<\/p>\n\n\n\n<h2 class=\"wp-block-heading\"><\/h2>\n\n\n\n<p class=\"has-white-color has-text-color\">..<\/p>\n","protected":false},"excerpt":{"rendered":"<p>Notre zone d&#8217;intervention Nous intervenons sur le bassin de Grasse \/ Cannes : Grasse, Mouans-Sartoux, Mougins, Le Cannet, Cannes, Cannes la Bocca, Mandelieu. Pour nous joindre Vous pouvez nous contacter par : mail : contact@coupdemain06.fr t\u00e9l\u00e9phone : 06 24 26 87 71 minitel : 3617 code AuSecours Ecrivez nous Nos tarifs Nos tarifs d&#8217;intervention sont [&hellip;]<\/p>\n","protected":false},"author":1,"featured_media":0,"parent":0,"menu_order":0,"comment_status":"closed","ping_status":"closed","template":"full-width.php","meta":{"_monsterinsights_skip_tracking":false,"_monsterinsights_sitenote_active":false,"_monsterinsights_sitenote_note":"","_monsterinsights_sitenote_category":0,"footnotes":""},"class_list":["post-7","page","type-page","status-publish","hentry"],"aioseo_notices":[],"_links":{"self":[{"href":"https:\/\/coupdemain06.fr\/index.php\/wp-json\/wp\/v2\/pages\/7","targetHints":{"allow":["GET"]}}],"collection":[{"href":"https:\/\/coupdemain06.fr\/index.php\/wp-json\/wp\/v2\/pages"}],"about":[{"href":"https:\/\/coupdemain06.fr\/index.php\/wp-json\/wp\/v2\/types\/page"}],"author":[{"embeddable":true,"href":"https:\/\/coupdemain06.fr\/index.php\/wp-json\/wp\/v2\/users\/1"}],"replies":[{"embeddable":true,"href":"https:\/\/coupdemain06.fr\/index.php\/wp-json\/wp\/v2\/comments?post=7"}],"version-history":[{"count":18,"href":"https:\/\/coupdemain06.fr\/index.php\/wp-json\/wp\/v2\/pages\/7\/revisions"}],"predecessor-version":[{"id":120,"href":"https:\/\/coupdemain06.fr\/index.php\/wp-json\/wp\/v2\/pages\/7\/revisions\/120"}],"wp:attachment":[{"href":"https:\/\/coupdemain06.fr\/index.php\/wp-json\/wp\/v2\/media?parent=7"}],"curies":[{"name":"wp","href":"https:\/\/api.w.org\/{rel}","templated":true}]}}